{"id":104,"date":"2012-07-06T14:24:54","date_gmt":"2012-07-06T12:24:54","guid":{"rendered":"http:\/\/www.service-awards.eu\/at\/?page_id=104"},"modified":"2014-01-30T16:49:23","modified_gmt":"2014-01-30T15:49:23","slug":"wettbewerb","status":"publish","type":"page","link":"http:\/\/www.service-awards.eu\/at\/wettbewerb\/","title":{"rendered":"Hintergrund"},"content":{"rendered":"<h2 class=\"first\">Die Auszeichnung f\u00fcr die beste Strategie in der Kundenorientierung<\/h2>\n<p>Unternehmen stehen heute verst\u00e4rkt unter Druck, sichtbaren Mehrwert f\u00fcr ihre Kunden &#8211; mehr Customer Value &#8211; zu schaffen. Wesentliche Voraussetzung daf\u00fcr ist zum einen die Kenntnis der Kundenbed\u00fcrfnisse, zum anderen die Bereitschaft und F\u00e4higkeit, sich am Kunden zu orientieren. Aber wo und wie kann ein Unternehmen hier ansetzen?<\/p>\n<p>Um diese Frage beantworten zu k\u00f6nnen, bietet ServiceValue mit dem renommierten Institute of Insurance Economics der University of St. Gallen als Wissenschaftspartner ein innovatives Wert-Modell zur besten Strategie in der Kundenorientierung an.<\/p>\n<h2>Strategische Kundenorientierung:<br \/>\nWertsch\u00f6pfung f\u00fcr Kunde und Unternehmen<\/h2>\n<p>Unter strategischer Kundenorientierung wird die Ausrichtung der Unternehmensaktivit\u00e4ten zum Kunden hin verstanden. Es geht weniger darum, einen bestimmten Kundenservice um jeden Preis zu maximieren &#8211; vielmehr gilt es, sich auf Leistungen zu konzentrieren, die die Kundenbeziehungen stabilisieren und nachhaltig st\u00e4rken. So kann auch ein Discounter ohne Services eine, im Sinne von Customer Value, optimale Strategie verfolgen und echten Mehrwert f\u00fcr seine Kunden schaffen. Kundenorientierung in diesem Sinne zahlt sich f\u00fcr beide Seiten aus und generiert einen echten betriebswirtschaftlichen Wert sowohl f\u00fcr den Kunden als auch f\u00fcr das Unternehmen.<\/p>\n<p>Bei den European Service Value Awards wird der Gedanke der gegenseitigen Wertsch\u00f6pfung in die Praxis umgesetzt. Die Grundlage bietet das empirisch bew\u00e4hrte und wissenschaftlich fundierte \u201e7K-Modell\u201c aus der Customer Value Forschung der Universit\u00e4t St. Gallen, das nunmehr im Hinblick auf Kundenwert (Customer Equity) erweitert wurde. Dieses innovative Wert-Modell erm\u00f6glicht die ganzheitliche Betrachtung einer partnerschaftlichen Beziehung zwischen Kunde und Unternehmen.<\/p>\n<p>&nbsp;<\/p>\n<div class=\"woo-sc-quote boxed\"><p>[customer orientation] is concerned with the process of dual value creation, whereas the paradigm lies on creating value for the customer and, in the process, creating value for the firm.<br \/>\nW. Boulding et al., 2005, Journal of Marketing<\/p><\/div>\n<div class=\"nextpage\"><a href=\"http:\/\/www.service-awards.eu\/at\/wettbewerb\/7k-modell\/\" title=\"7K-Modell\">weiter<\/a><\/div>\n","protected":false},"excerpt":{"rendered":"<p>Die Auszeichnung f\u00fcr die beste Strategie in der Kundenorientierung Unternehmen stehen heute verst\u00e4rkt unter Druck, sichtbaren Mehrwert f\u00fcr ihre Kunden &#8211; mehr Customer Value &#8211; zu schaffen. Wesentliche Voraussetzung daf\u00fcr ist zum einen die Kenntnis der Kundenbed\u00fcrfnisse, zum anderen die Bereitschaft und F\u00e4higkeit, sich am Kunden zu orientieren. Aber wo und wie kann ein Unternehmen [&hellip;]<\/p>\n","protected":false},"author":1,"featured_media":0,"parent":0,"menu_order":10,"comment_status":"open","ping_status":"open","template":"template-wettbewerb.php","meta":{"footnotes":""},"class_list":["post-104","page","type-page","status-publish","hentry"],"_links":{"self":[{"href":"http:\/\/www.service-awards.eu\/at\/wp-json\/wp\/v2\/pages\/104","targetHints":{"allow":["GET"]}}],"collection":[{"href":"http:\/\/www.service-awards.eu\/at\/wp-json\/wp\/v2\/pages"}],"about":[{"href":"http:\/\/www.service-awards.eu\/at\/wp-json\/wp\/v2\/types\/page"}],"author":[{"embeddable":true,"href":"http:\/\/www.service-awards.eu\/at\/wp-json\/wp\/v2\/users\/1"}],"replies":[{"embeddable":true,"href":"http:\/\/www.service-awards.eu\/at\/wp-json\/wp\/v2\/comments?post=104"}],"version-history":[{"count":13,"href":"http:\/\/www.service-awards.eu\/at\/wp-json\/wp\/v2\/pages\/104\/revisions"}],"predecessor-version":[{"id":264,"href":"http:\/\/www.service-awards.eu\/at\/wp-json\/wp\/v2\/pages\/104\/revisions\/264"}],"wp:attachment":[{"href":"http:\/\/www.service-awards.eu\/at\/wp-json\/wp\/v2\/media?parent=104"}],"curies":[{"name":"wp","href":"https:\/\/api.w.org\/{rel}","templated":true}]}}