{"id":111,"date":"2012-07-06T14:26:22","date_gmt":"2012-07-06T12:26:22","guid":{"rendered":"http:\/\/www.service-awards.eu\/at\/?page_id=111"},"modified":"2016-01-11T15:41:34","modified_gmt":"2016-01-11T14:41:34","slug":"teilnahme","status":"publish","type":"page","link":"http:\/\/www.service-awards.eu\/at\/teilnahme\/","title":{"rendered":"Leistungen"},"content":{"rendered":"<h2 class=\"first\">Leistungen<\/h2>\n<p><strong class=\"blue\">Nutzen Sie das einzigartige Wert-Modell zur besten Strategie in der Kundenorientierung.<\/strong><\/p>\n<p>Profitieren Sie von dem innovativen Wert-Modell zur besten Strategie in der Kundenorientierung und lernen Sie die Umsetzung aktueller wissenschaftlicher Forschungsergebnisse in die Praxis kennen. Erfahren Sie die wertbasierte Analyse mit Vergleich des Selbst- und Fremdbildes mit interessanten Benchmarks und erhalten Sie wichtige operative Impulse.<\/p>\n<p>Geh\u00f6ren Sie zu \u00d6sterreichs besten Unternehmen, dann kandidieren Sie zugleich f\u00fcr die attraktive Auszeichnung &#8222;\u00d6sterreichs Beste Unternehmen 2016&#8220;.<\/p>\n<h3 class=\"first\">Leistungen im \u00dcberblick<\/h3>\n<div class=\"highlight-list li-check\">Strategische Analyse Ihrer Kundenorientierung<\/div>\n<div class=\"highlight-list li-check\">Wert-Modell mit Daten aus Managementbefragung und Online-Kundenbefragung<\/div>\n<div class=\"highlight-list li-check\">Analyse mit Vergleich des Selbst- und Fremdbildes und interessanten Benchmarks<\/div>\n<div class=\"highlight-list li-check\">Darstellung der Ergebnisse in \u00fcbersichtlicher Scorecard<\/div>\n<div class=\"highlight-list li-check\">Option auf Auszeichnung &#8222;\u00d6sterreichs Beste Unternehmen 2016&#8220;<\/div>\n<div class=\"nextpage\"><a href=\"http:\/\/www.service-awards.eu\/at\/teilnahme\/teilnahmeinformationen\/\" title=\"Teilnahmeinformationen\">weiter<\/a><\/div>\n","protected":false},"excerpt":{"rendered":"<p>Leistungen Nutzen Sie das einzigartige Wert-Modell zur besten Strategie in der Kundenorientierung. Profitieren Sie von dem innovativen Wert-Modell zur besten Strategie in der Kundenorientierung und lernen Sie die Umsetzung aktueller wissenschaftlicher Forschungsergebnisse in die Praxis kennen. Erfahren Sie die wertbasierte Analyse mit Vergleich des Selbst- und Fremdbildes mit interessanten Benchmarks und erhalten Sie wichtige operative [&hellip;]<\/p>\n","protected":false},"author":1,"featured_media":0,"parent":0,"menu_order":20,"comment_status":"open","ping_status":"open","template":"template-teilnahme.php","meta":{"footnotes":""},"class_list":["post-111","page","type-page","status-publish","hentry"],"_links":{"self":[{"href":"http:\/\/www.service-awards.eu\/at\/wp-json\/wp\/v2\/pages\/111","targetHints":{"allow":["GET"]}}],"collection":[{"href":"http:\/\/www.service-awards.eu\/at\/wp-json\/wp\/v2\/pages"}],"about":[{"href":"http:\/\/www.service-awards.eu\/at\/wp-json\/wp\/v2\/types\/page"}],"author":[{"embeddable":true,"href":"http:\/\/www.service-awards.eu\/at\/wp-json\/wp\/v2\/users\/1"}],"replies":[{"embeddable":true,"href":"http:\/\/www.service-awards.eu\/at\/wp-json\/wp\/v2\/comments?post=111"}],"version-history":[{"count":14,"href":"http:\/\/www.service-awards.eu\/at\/wp-json\/wp\/v2\/pages\/111\/revisions"}],"predecessor-version":[{"id":329,"href":"http:\/\/www.service-awards.eu\/at\/wp-json\/wp\/v2\/pages\/111\/revisions\/329"}],"wp:attachment":[{"href":"http:\/\/www.service-awards.eu\/at\/wp-json\/wp\/v2\/media?parent=111"}],"curies":[{"name":"wp","href":"https:\/\/api.w.org\/{rel}","templated":true}]}}