{"id":281,"date":"2014-02-04T11:22:54","date_gmt":"2014-02-04T10:22:54","guid":{"rendered":"http:\/\/www.service-awards.eu\/at\/?page_id=281"},"modified":"2014-04-09T17:25:13","modified_gmt":"2014-04-09T15:25:13","slug":"auszeichnung","status":"publish","type":"page","link":"http:\/\/www.service-awards.eu\/at\/auszeichnung\/","title":{"rendered":"Ausgezeichnete Unternehmen"},"content":{"rendered":"<p>&nbsp;<\/p>\n<table id=\"award-table\" class=\"sortable\"><thead><tr class=\"row1\"><th class=\"col1 sorttable_nosort\">Year<\/th><th class=\"col2 sorttable_nosort\">Company<\/th><th class=\"col3 sorttable_nosort\">ESVA-Result<\/th><th class=\"col4 sorttable_nosort\">Country<\/th><\/tr><\/thead><tbody><tr class=\"row2\"><td class=\"col1 sorttable_nosort\">2015<\/td><td class=\"col2 sorttable_nosort\">DHL Express (Austria) GmbH<\/td><td class=\"col3 sorttable_nosort\">70<\/td><td class=\"col4 sorttable_nosort\">Austria<\/td><\/tr><tr class=\"row3\"><td class=\"col1 sorttable_nosort\">2015<\/td><td class=\"col2 sorttable_nosort\">DHL Express (Czech Republic) s.r.o.<\/td><td class=\"col3 sorttable_nosort\">77<\/td><td class=\"col4 sorttable_nosort\">Czech Republic<\/td><\/tr><tr class=\"row4\"><td class=\"col1 sorttable_nosort\">2015<\/td><td class=\"col2 sorttable_nosort\">Konica Minolta Business Solutions Austria GmbH<\/td><td class=\"col3 sorttable_nosort\">74<\/td><td class=\"col4 sorttable_nosort\"> Austria<\/td><\/tr><tr class=\"row5\"><td class=\"col1 sorttable_nosort\">2015<\/td><td class=\"col2 sorttable_nosort\">Konica Minolta Business Solutions (Belgium) N.V<\/td><td class=\"col3 sorttable_nosort\">73<\/td><td class=\"col4 sorttable_nosort\">Belgium<\/td><\/tr><tr class=\"row6\"><td class=\"col1 sorttable_nosort\">2015<\/td><td class=\"col2 sorttable_nosort\">Konica Minolta Business Solutions Deutschland GmbH<\/td><td class=\"col3 sorttable_nosort\">76<\/td><td class=\"col4 sorttable_nosort\"> Germany<\/td><\/tr><tr class=\"row7\"><td class=\"col1 sorttable_nosort\">2015<\/td><td class=\"col2 sorttable_nosort\">Konica Minolta Business Solutions Nederland BV<\/td><td class=\"col3 sorttable_nosort\">70<\/td><td class=\"col4 sorttable_nosort\">Netherlands<\/td><\/tr><tr class=\"row8\"><td class=\"col1 sorttable_nosort\">2015<\/td><td class=\"col2 sorttable_nosort\">Skandia Austria Holding AG<\/td><td class=\"col3 sorttable_nosort\">76<\/td><td class=\"col4 sorttable_nosort\">Austria<\/td><\/tr><tr class=\"row9\"><td class=\"col1 sorttable_nosort\">2015<\/td><td class=\"col2 sorttable_nosort\">UNITO Versand & Dienstleistungen GmbH (Universal)<\/td><td class=\"col3 sorttable_nosort\">79<\/td><td class=\"col4 sorttable_nosort\">Austria<\/td><\/tr><tr class=\"row10\"><td class=\"col1 sorttable_nosort\">2014<\/td><td class=\"col2 sorttable_nosort\">DHL Express (Austria) GmbH<\/td><td class=\"col3 sorttable_nosort\">70<\/td><td class=\"col4 sorttable_nosort\">Austria<\/td><\/tr><tr class=\"row11\"><td class=\"col1 sorttable_nosort\">2014<\/td><td class=\"col2 sorttable_nosort\">Konica Minolta Business Solutions (Belgium) N.V<\/td><td class=\"col3 sorttable_nosort\">72<\/td><td class=\"col4 sorttable_nosort\">Belgium<\/td><\/tr><tr class=\"row12\"><td class=\"col1 sorttable_nosort\">2014<\/td><td class=\"col2 sorttable_nosort\">Konica Minolta Business Solutions Deutschland GmbH<\/td><td class=\"col3 sorttable_nosort\">75<\/td><td class=\"col4 sorttable_nosort\">Germany<\/td><\/tr><tr class=\"row13\"><td class=\"col1 sorttable_nosort\">2014<\/td><td class=\"col2 sorttable_nosort\">Konica Minolta Business Solutions Nederland BV<\/td><td class=\"col3 sorttable_nosort\">70<\/td><td class=\"col4 sorttable_nosort\">Netherlands<\/td><\/tr><tr class=\"row14\"><td class=\"col1 sorttable_nosort\">2014<\/td><td class=\"col2 sorttable_nosort\">Skandia Austria Holding AG<\/td><td class=\"col3 sorttable_nosort\">76<\/td><td class=\"col4 sorttable_nosort\">Austria<\/td><\/tr><tr class=\"row15\"><td class=\"col1 sorttable_nosort\">2014<\/td><td class=\"col2 sorttable_nosort\">UNITO Versand & Dienstleistungen GmbH (Universal)<\/td><td class=\"col3 sorttable_nosort\">79<\/td><td class=\"col4 sorttable_nosort\">Austria<\/td><\/tr><tr class=\"row16\"><td class=\"col1 sorttable_nosort\">2013<\/td><td class=\"col2 sorttable_nosort\">Applied Chemicals International AG<\/td><td class=\"col3 sorttable_nosort\">71<\/td><td class=\"col4 sorttable_nosort\">Austria<\/td><\/tr><tr class=\"row17\"><td class=\"col1 sorttable_nosort\">2013<\/td><td class=\"col2 sorttable_nosort\">card complete Service Bank AG<\/td><td class=\"col3 sorttable_nosort\">70<\/td><td class=\"col4 sorttable_nosort\">Austria<\/td><\/tr><tr class=\"row18\"><td class=\"col1 sorttable_nosort\">2013<\/td><td class=\"col2 sorttable_nosort\">CosmosDirekt<\/td><td class=\"col3 sorttable_nosort\">70<\/td><td class=\"col4 sorttable_nosort\">Germany<\/td><\/tr><tr class=\"row19\"><td class=\"col1 sorttable_nosort\">2013<\/td><td class=\"col2 sorttable_nosort\">HSE24 Home Shopping Europe GmbH<\/td><td class=\"col3 sorttable_nosort\">81<\/td><td class=\"col4 sorttable_nosort\">Germany<\/td><\/tr><tr class=\"row20\"><td class=\"col1 sorttable_nosort\">2013<\/td><td class=\"col2 sorttable_nosort\">KTM-SPORTMOTORCYCLE AG<\/td><td class=\"col3 sorttable_nosort\">71<\/td><td class=\"col4 sorttable_nosort\">Austria<\/td><\/tr><tr class=\"row21\"><td class=\"col1 sorttable_nosort\">2013<\/td><td class=\"col2 sorttable_nosort\">Konica Minolta Business Solutions Austria GmbH<\/td><td class=\"col3 sorttable_nosort\">70<\/td><td class=\"col4 sorttable_nosort\">Austria<\/td><\/tr><\/tbody><\/table>\n<p>Das Ergebnis der Analyse kann zwischen den Werten 0 und 100 liegen. Ausgezeichnet werden die Unternehmen mit einer Punktzahl gr\u00f6\u00dfer \/ gleich der europ\u00e4ischen Referenzgr\u00f6\u00dfe von 70 Punkten.<\/p>\n","protected":false},"excerpt":{"rendered":"<p>&nbsp; Das Ergebnis der Analyse kann zwischen den Werten 0 und 100 liegen. Ausgezeichnet werden die Unternehmen mit einer Punktzahl gr\u00f6\u00dfer \/ gleich der europ\u00e4ischen Referenzgr\u00f6\u00dfe von 70 Punkten.<\/p>\n","protected":false},"author":1,"featured_media":0,"parent":0,"menu_order":25,"comment_status":"closed","ping_status":"closed","template":"","meta":{"footnotes":""},"class_list":["post-281","page","type-page","status-publish","hentry"],"_links":{"self":[{"href":"http:\/\/www.service-awards.eu\/at\/wp-json\/wp\/v2\/pages\/281","targetHints":{"allow":["GET"]}}],"collection":[{"href":"http:\/\/www.service-awards.eu\/at\/wp-json\/wp\/v2\/pages"}],"about":[{"href":"http:\/\/www.service-awards.eu\/at\/wp-json\/wp\/v2\/types\/page"}],"author":[{"embeddable":true,"href":"http:\/\/www.service-awards.eu\/at\/wp-json\/wp\/v2\/users\/1"}],"replies":[{"embeddable":true,"href":"http:\/\/www.service-awards.eu\/at\/wp-json\/wp\/v2\/comments?post=281"}],"version-history":[{"count":5,"href":"http:\/\/www.service-awards.eu\/at\/wp-json\/wp\/v2\/pages\/281\/revisions"}],"predecessor-version":[{"id":309,"href":"http:\/\/www.service-awards.eu\/at\/wp-json\/wp\/v2\/pages\/281\/revisions\/309"}],"wp:attachment":[{"href":"http:\/\/www.service-awards.eu\/at\/wp-json\/wp\/v2\/media?parent=281"}],"curies":[{"name":"wp","href":"https:\/\/api.w.org\/{rel}","templated":true}]}}