{"id":29,"date":"2012-05-07T15:41:42","date_gmt":"2012-05-07T13:41:42","guid":{"rendered":"http:\/\/www.service-awards.eu\/at\/?page_id=29"},"modified":"2012-08-09T16:37:41","modified_gmt":"2012-08-09T14:37:41","slug":"kontakt","status":"publish","type":"page","link":"http:\/\/www.service-awards.eu\/at\/kontakt\/","title":{"rendered":"Kontakt"},"content":{"rendered":"<h2 class=\"first\">ServiceValue GmbH<\/h2>\n<p>D\u00fcrener Stra\u00dfe 341<br \/>\n50935 K\u00f6ln<br \/>\nDeutschland<\/p>\n<p>Telefon: +49.(0)221.67 78 67 \u2013 0<br \/>\nTelefax: +49.(0)221.67 78 67 \u2013 99<\/p>\n<p>E-Mail: Info@ServiceValue.de<br \/>\nInternet: <a href=\"http:\/\/www.ServiceValue.de\" target=\"_blank\">www.ServiceValue.de<\/a><\/p>\n","protected":false},"excerpt":{"rendered":"<p>ServiceValue GmbH D\u00fcrener Stra\u00dfe 341 50935 K\u00f6ln Deutschland Telefon: +49.(0)221.67 78 67 \u2013 0 Telefax: +49.(0)221.67 78 67 \u2013 99 E-Mail: Info@ServiceValue.de Internet: www.ServiceValue.de<\/p>\n","protected":false},"author":1,"featured_media":0,"parent":0,"menu_order":40,"comment_status":"closed","ping_status":"open","template":"","meta":{"footnotes":""},"class_list":["post-29","page","type-page","status-publish","hentry"],"_links":{"self":[{"href":"http:\/\/www.service-awards.eu\/at\/wp-json\/wp\/v2\/pages\/29","targetHints":{"allow":["GET"]}}],"collection":[{"href":"http:\/\/www.service-awards.eu\/at\/wp-json\/wp\/v2\/pages"}],"about":[{"href":"http:\/\/www.service-awards.eu\/at\/wp-json\/wp\/v2\/types\/page"}],"author":[{"embeddable":true,"href":"http:\/\/www.service-awards.eu\/at\/wp-json\/wp\/v2\/users\/1"}],"replies":[{"embeddable":true,"href":"http:\/\/www.service-awards.eu\/at\/wp-json\/wp\/v2\/comments?post=29"}],"version-history":[{"count":6,"href":"http:\/\/www.service-awards.eu\/at\/wp-json\/wp\/v2\/pages\/29\/revisions"}],"predecessor-version":[{"id":203,"href":"http:\/\/www.service-awards.eu\/at\/wp-json\/wp\/v2\/pages\/29\/revisions\/203"}],"wp:attachment":[{"href":"http:\/\/www.service-awards.eu\/at\/wp-json\/wp\/v2\/media?parent=29"}],"curies":[{"name":"wp","href":"https:\/\/api.w.org\/{rel}","templated":true}]}}