{"id":83,"date":"2012-07-06T14:15:34","date_gmt":"2012-07-06T12:15:34","guid":{"rendered":"http:\/\/www.service-awards.eu\/at\/?page_id=83"},"modified":"2014-01-30T16:44:54","modified_gmt":"2014-01-30T15:44:54","slug":"das-beste-aus-zwei-welten","status":"publish","type":"page","link":"http:\/\/www.service-awards.eu\/at\/wettbewerb\/das-beste-aus-zwei-welten\/","title":{"rendered":"Das Beste aus zwei Welten"},"content":{"rendered":"<h2 class=\"first\">Von der Wissenschaft zur Praxis<\/h2>\n<p>In der Wissenschaft hat sich die kundenorientierte Perspektive unter dem Stichwort Customer Value etabliert. Seit \u00fcber zehn Jahren haben Prof. Dr. Peter Maas und das I.VW-HSG wesentliche Beitr\u00e4ge zur Customer Value Forschung geleistet und sind mit einer Reihe von Publikationen in der Scientific Community pr\u00e4sent.<\/p>\n<div class=\"woo-sc-quote boxed\"><p>Ausgehend von dem in einem interdisziplin\u00e4ren Team der Universit\u00e4t St. Gallen entwickelten \u201e7K-Modell\u201c wurden spezielle Untersuchungsmethoden zur praxisnahen Erforschung von Customer Value getestet und erfolgreich angewendet. Auf der Basis umfangreicher empirischer Daten und einer Vielzahl von Best Practices aus verschiedenen Branchen konnten die entsprechenden Erhebungsmodelle st\u00e4ndig weiter entwickelt werden, um daraus auch konkrete Handlungsempfehlungen f\u00fcr das Management abzuleiten. In Kooperation mit der ServiceValue GmbH wird die Customer Value Forschung im Rahmen der European Service Value Awards wegweisend vorangetrieben. Unsere Kompetenzen in der Erforschung von gesellschaftlichen Megatrends und Customer Value werden mit den aktuellsten Entwicklungen der Wirtschaft im weiterentwickelten \u201e7K-Modell\u201c vereint.<br \/>\nDies erm\u00f6glicht den Teilnehmern, branchen\u00fcbergreifend von den besten Unternehmen zu lernen. Durch die zukunftsgerichtete Analyse k\u00f6nnen Handlungsempfehlungen zu Strategien anhand aussagekr\u00e4ftiger Kennzahlen, Benchmarks und Gaps gegeben werden. Nur mit einer nachhaltigen, Customer Value-basierten Strategie werden Unternehmen den Kundenbed\u00fcrfnissen auch in Zukunft erfolgreich gerecht werden k\u00f6nnen. Die European Service Value Awards bieten daf\u00fcr eine erfolgversprechende Grundlage.<\/p>\n<p>Prof. Dr. Peter Maas<br \/>\nManagement-Professor am I.VW der Universit\u00e4t St. Gallen \/ Schweiz<\/p><\/div>\n<div class=\"nextpage\"><a href=\"http:\/\/www.service-awards.eu\/at\/wettbewerb\/nutzen\/\" title=\"Nutzen\">weiter<\/a><\/div>\n","protected":false},"excerpt":{"rendered":"<p>Von der Wissenschaft zur Praxis In der Wissenschaft hat sich die kundenorientierte Perspektive unter dem Stichwort Customer Value etabliert. Seit \u00fcber zehn Jahren haben Prof. Dr. Peter Maas und das I.VW-HSG wesentliche Beitr\u00e4ge zur Customer Value Forschung geleistet und sind mit einer Reihe von Publikationen in der Scientific Community pr\u00e4sent.<\/p>\n","protected":false},"author":1,"featured_media":0,"parent":104,"menu_order":20,"comment_status":"open","ping_status":"open","template":"template-wettbewerb.php","meta":{"footnotes":""},"class_list":["post-83","page","type-page","status-publish","hentry"],"_links":{"self":[{"href":"http:\/\/www.service-awards.eu\/at\/wp-json\/wp\/v2\/pages\/83","targetHints":{"allow":["GET"]}}],"collection":[{"href":"http:\/\/www.service-awards.eu\/at\/wp-json\/wp\/v2\/pages"}],"about":[{"href":"http:\/\/www.service-awards.eu\/at\/wp-json\/wp\/v2\/types\/page"}],"author":[{"embeddable":true,"href":"http:\/\/www.service-awards.eu\/at\/wp-json\/wp\/v2\/users\/1"}],"replies":[{"embeddable":true,"href":"http:\/\/www.service-awards.eu\/at\/wp-json\/wp\/v2\/comments?post=83"}],"version-history":[{"count":4,"href":"http:\/\/www.service-awards.eu\/at\/wp-json\/wp\/v2\/pages\/83\/revisions"}],"predecessor-version":[{"id":270,"href":"http:\/\/www.service-awards.eu\/at\/wp-json\/wp\/v2\/pages\/83\/revisions\/270"}],"up":[{"embeddable":true,"href":"http:\/\/www.service-awards.eu\/at\/wp-json\/wp\/v2\/pages\/104"}],"wp:attachment":[{"href":"http:\/\/www.service-awards.eu\/at\/wp-json\/wp\/v2\/media?parent=83"}],"curies":[{"name":"wp","href":"https:\/\/api.w.org\/{rel}","templated":true}]}}