{"id":85,"date":"2012-07-06T14:16:19","date_gmt":"2012-07-06T12:16:19","guid":{"rendered":"http:\/\/www.service-awards.eu\/at\/?page_id=85"},"modified":"2014-02-14T10:28:47","modified_gmt":"2014-02-14T09:28:47","slug":"nutzen","status":"publish","type":"page","link":"http:\/\/www.service-awards.eu\/at\/wettbewerb\/nutzen\/","title":{"rendered":"Nutzen"},"content":{"rendered":"<h2 class=\"first\">Ihr Nutzen<\/h2>\n<div class=\"highlight-list li-check\">Strategische Analyse Ihrer Kundenorientierung<\/div>\n<div class=\"highlight-list li-check\">wichtige Impulse f\u00fcr Ihr operatives Kundenmanagement<\/div>\n<div class=\"highlight-list li-check\">Ergebnisse in \u00fcbersichtlicher Scorecard<\/div>\n<div class=\"highlight-list li-check\">branchen\u00fcbergreifende Benchmarks<\/div>\n<div class=\"highlight-list li-check\">f\u00fcr Sie das Beste aus zwei Welten \u2013 Wissenschaft und Praxis<\/div>\n<div class=\"highlight-list li-check\">Option auf die attraktive Auszeichnung: \u201e\u00d6sterreichs Beste Unternehmen\u201c<\/div>\n<div class=\"nextpage\"><a href=\"http:\/\/www.service-awards.eu\/at\/teilnahme\/\" title=\"Leistungen\">weiter<\/a><\/div>\n","protected":false},"excerpt":{"rendered":"<p>Ihr Nutzen Strategische Analyse Ihrer Kundenorientierung wichtige Impulse f\u00fcr Ihr operatives Kundenmanagement Ergebnisse in \u00fcbersichtlicher Scorecard branchen\u00fcbergreifende Benchmarks f\u00fcr Sie das Beste aus zwei Welten \u2013 Wissenschaft und Praxis Option auf die attraktive Auszeichnung: \u201e\u00d6sterreichs Beste Unternehmen\u201c<\/p>\n","protected":false},"author":1,"featured_media":0,"parent":104,"menu_order":40,"comment_status":"open","ping_status":"open","template":"template-wettbewerb.php","meta":{"footnotes":""},"class_list":["post-85","page","type-page","status-publish","hentry"],"_links":{"self":[{"href":"http:\/\/www.service-awards.eu\/at\/wp-json\/wp\/v2\/pages\/85","targetHints":{"allow":["GET"]}}],"collection":[{"href":"http:\/\/www.service-awards.eu\/at\/wp-json\/wp\/v2\/pages"}],"about":[{"href":"http:\/\/www.service-awards.eu\/at\/wp-json\/wp\/v2\/types\/page"}],"author":[{"embeddable":true,"href":"http:\/\/www.service-awards.eu\/at\/wp-json\/wp\/v2\/users\/1"}],"replies":[{"embeddable":true,"href":"http:\/\/www.service-awards.eu\/at\/wp-json\/wp\/v2\/comments?post=85"}],"version-history":[{"count":8,"href":"http:\/\/www.service-awards.eu\/at\/wp-json\/wp\/v2\/pages\/85\/revisions"}],"predecessor-version":[{"id":296,"href":"http:\/\/www.service-awards.eu\/at\/wp-json\/wp\/v2\/pages\/85\/revisions\/296"}],"up":[{"embeddable":true,"href":"http:\/\/www.service-awards.eu\/at\/wp-json\/wp\/v2\/pages\/104"}],"wp:attachment":[{"href":"http:\/\/www.service-awards.eu\/at\/wp-json\/wp\/v2\/media?parent=85"}],"curies":[{"name":"wp","href":"https:\/\/api.w.org\/{rel}","templated":true}]}}