{"id":89,"date":"2012-07-06T14:17:51","date_gmt":"2012-07-06T12:17:51","guid":{"rendered":"http:\/\/www.service-awards.eu\/at\/?page_id=89"},"modified":"2016-01-11T15:40:51","modified_gmt":"2016-01-11T14:40:51","slug":"teilnahmeinformationen","status":"publish","type":"page","link":"http:\/\/www.service-awards.eu\/at\/teilnahme\/teilnahmeinformationen\/","title":{"rendered":"Teilnahmeinformationen"},"content":{"rendered":"<h2 class=\"first\">Wer kann teilnehmen?<\/h2>\n<p>Der Strategie-Wettbewerb ist f\u00fcr Unternehmen mit Kundenkontakt offen, unabh\u00e4ngig von der Zielgruppenausrichtung. Die Teilnahme ist sowohl f\u00fcr regional ans\u00e4ssige Firmen wie auch f\u00fcr Gesamtunternehmen oder Holdings mit Gesellschaften in \u00d6sterreich m\u00f6glich.<\/p>\n<h2>Ablauf<\/h2>\n<p>Die Teilnahme am European Service Value Awards verl\u00e4uft wie folgt:<\/p>\n<ol>\n<li>Anmeldung zur Teilnahme<\/li>\n<li>Abstimmung des zeitlichen Ablaufs<\/li>\n<li>Versand des Managementfragebogens<\/li>\n<li>Bearbeitung und R\u00fccksendung des Managementfragebogens<\/li>\n<li>Bereitstellung des Online-Links zur Kundenbefragung<\/li>\n<li>Feldphase Kundenbefragung<\/li>\n<li>Auswertung und Berichtlegung der Management- und Kundenbefragung<\/li>\n<li>Zusendung der Scorecard<\/li>\n<li>Option auf Auszeichnung \u201e\u00d6sterreichs Beste Unternehmen 2016\u201c<\/li>\n<\/ol>\n<div class=\"nextpage\"><a href=\"http:\/\/www.service-awards.eu\/at\/teilnahme\/anmeldung\/\" title=\"Anmeldung\">weiter<\/a><\/div>\n","protected":false},"excerpt":{"rendered":"<p>Wer kann teilnehmen? Der Strategie-Wettbewerb ist f\u00fcr Unternehmen mit Kundenkontakt offen, unabh\u00e4ngig von der Zielgruppenausrichtung. Die Teilnahme ist sowohl f\u00fcr regional ans\u00e4ssige Firmen wie auch f\u00fcr Gesamtunternehmen oder Holdings mit Gesellschaften in \u00d6sterreich m\u00f6glich. Ablauf Die Teilnahme am European Service Value Awards verl\u00e4uft wie folgt: Anmeldung zur Teilnahme Abstimmung des zeitlichen Ablaufs Versand des Managementfragebogens [&hellip;]<\/p>\n","protected":false},"author":1,"featured_media":0,"parent":111,"menu_order":20,"comment_status":"open","ping_status":"open","template":"template-teilnahme.php","meta":{"footnotes":""},"class_list":["post-89","page","type-page","status-publish","hentry"],"_links":{"self":[{"href":"http:\/\/www.service-awards.eu\/at\/wp-json\/wp\/v2\/pages\/89","targetHints":{"allow":["GET"]}}],"collection":[{"href":"http:\/\/www.service-awards.eu\/at\/wp-json\/wp\/v2\/pages"}],"about":[{"href":"http:\/\/www.service-awards.eu\/at\/wp-json\/wp\/v2\/types\/page"}],"author":[{"embeddable":true,"href":"http:\/\/www.service-awards.eu\/at\/wp-json\/wp\/v2\/users\/1"}],"replies":[{"embeddable":true,"href":"http:\/\/www.service-awards.eu\/at\/wp-json\/wp\/v2\/comments?post=89"}],"version-history":[{"count":13,"href":"http:\/\/www.service-awards.eu\/at\/wp-json\/wp\/v2\/pages\/89\/revisions"}],"predecessor-version":[{"id":328,"href":"http:\/\/www.service-awards.eu\/at\/wp-json\/wp\/v2\/pages\/89\/revisions\/328"}],"up":[{"embeddable":true,"href":"http:\/\/www.service-awards.eu\/at\/wp-json\/wp\/v2\/pages\/111"}],"wp:attachment":[{"href":"http:\/\/www.service-awards.eu\/at\/wp-json\/wp\/v2\/media?parent=89"}],"curies":[{"name":"wp","href":"https:\/\/api.w.org\/{rel}","templated":true}]}}