{"id":93,"date":"2012-07-06T14:18:46","date_gmt":"2012-07-06T12:18:46","guid":{"rendered":"http:\/\/www.service-awards.eu\/at\/?page_id=93"},"modified":"2016-01-11T15:39:07","modified_gmt":"2016-01-11T14:39:07","slug":"anmeldung","status":"publish","type":"page","link":"http:\/\/www.service-awards.eu\/at\/teilnahme\/anmeldung\/","title":{"rendered":"Anmeldung"},"content":{"rendered":"<h2 class=\"first\">Geh\u00f6ren Sie zu \u00d6sterreichs besten Unternehmen 2016?<br \/>\nDann nehmen Sie teil!<\/h2>\n<h3>Wie verl\u00e4uft die Anmeldung?<\/h3>\n<div class=\"highlight-list li-check\">Anmeldeformular ausf\u00fcllen und zusenden<\/div>\n<h3>Download<\/h3>\n<div class=\"download\"><a title=\"Anmeldeformular\" href=\"http:\/\/www.service-awards.eu\/at\/files\/2016\/01\/ESVA_Anmeldeformular-\u00d6sterreich-2016.pdf\" target=\"_blank\">Anmeldeformular<\/a><\/div>\n<p>&nbsp;<\/p>\n","protected":false},"excerpt":{"rendered":"<p>Geh\u00f6ren Sie zu \u00d6sterreichs besten Unternehmen 2016? Dann nehmen Sie teil! Wie verl\u00e4uft die Anmeldung? Anmeldeformular ausf\u00fcllen und zusenden Download Anmeldeformular &nbsp;<\/p>\n","protected":false},"author":1,"featured_media":0,"parent":111,"menu_order":30,"comment_status":"open","ping_status":"open","template":"template-teilnahme.php","meta":{"footnotes":""},"class_list":["post-93","page","type-page","status-publish","hentry"],"_links":{"self":[{"href":"http:\/\/www.service-awards.eu\/at\/wp-json\/wp\/v2\/pages\/93","targetHints":{"allow":["GET"]}}],"collection":[{"href":"http:\/\/www.service-awards.eu\/at\/wp-json\/wp\/v2\/pages"}],"about":[{"href":"http:\/\/www.service-awards.eu\/at\/wp-json\/wp\/v2\/types\/page"}],"author":[{"embeddable":true,"href":"http:\/\/www.service-awards.eu\/at\/wp-json\/wp\/v2\/users\/1"}],"replies":[{"embeddable":true,"href":"http:\/\/www.service-awards.eu\/at\/wp-json\/wp\/v2\/comments?post=93"}],"version-history":[{"count":24,"href":"http:\/\/www.service-awards.eu\/at\/wp-json\/wp\/v2\/pages\/93\/revisions"}],"predecessor-version":[{"id":327,"href":"http:\/\/www.service-awards.eu\/at\/wp-json\/wp\/v2\/pages\/93\/revisions\/327"}],"up":[{"embeddable":true,"href":"http:\/\/www.service-awards.eu\/at\/wp-json\/wp\/v2\/pages\/111"}],"wp:attachment":[{"href":"http:\/\/www.service-awards.eu\/at\/wp-json\/wp\/v2\/media?parent=93"}],"curies":[{"name":"wp","href":"https:\/\/api.w.org\/{rel}","templated":true}]}}