{"id":2,"date":"2011-05-18T07:37:23","date_gmt":"2011-05-18T07:37:23","guid":{"rendered":"http:\/\/www.service-awards.eu\/de\/?page_id=2"},"modified":"2015-04-28T10:29:05","modified_gmt":"2015-04-28T08:29:05","slug":"wettbewerb","status":"publish","type":"page","link":"http:\/\/www.service-awards.eu\/de\/wettbewerb\/","title":{"rendered":"Hintergrund"},"content":{"rendered":"<h2 class=\"first\">Ihr europ\u00e4ischer L\u00e4ndervergleich:<br \/>Passgenauigkeit in der Kundenorientierung<\/h2>\n<p>\u00dcberregionale und international ausgerichtete Unternehmen stehen heute verst\u00e4rkt unter Druck, \u00fcberall und in gleichem Ma\u00dfe sichtbaren Mehrwert f\u00fcr ihre Kunden &#8211; mehr Customer Value &#8211; zu schaffen und zugleich einheitliche Ma\u00dfst\u00e4be zu setzen. Wesentliche Voraussetzung daf\u00fcr ist zum einen die Kenntnis kulturell unterschiedlicher Kundenbed\u00fcrfnisse und -erwartungen, zum anderen die Bereitschaft und F\u00e4higkeit, sich l\u00e4nderspezifisch danach auszurichten, ohne die gemeinsame Sto\u00dfrichtung aus den Augen zu verlieren. Aber wo und wie kann ein Unternehmen hier ansetzen?<\/p>\n<p>Um diese Frage beantworten zu k\u00f6nnen, bietet ServiceValue mit dem renommierten Institute of Insurance Economics der University of St. Gallen als Wissenschaftspartner ein innovatives Wert-Modell zur Erfassung der strategischen Kundenorientierung im L\u00e4ndervergleich an.<\/p>\n<h2>Strategische Kundenorientierung:<br \/>Wertsch\u00f6pfung f\u00fcr Kunde und Unternehmen<\/h2>\n<p>Unser Wert-Modell erfasst die Ausrichtung Ihrer Unternehmensaktivit\u00e4ten zum Kunden hin. Es geht weniger darum, einen bestimmten Kundenservice um jeden Preis zu maximieren &#8211; vielmehr gilt es, sich auf Leistungen zu konzentrieren, die Ihre Kundenbeziehungen stabilisieren und nachhaltig st\u00e4rken. Kundenorientierung in diesem Sinne zahlt sich f\u00fcr beide Seiten aus und generiert einen echten betriebswirtschaftlichen Wert sowohl f\u00fcr Ihre Kunden als auch f\u00fcr Ihr Unternehmen.<\/p>\n<p>Bei den European Service Value Awards wird der Gedanke der gegenseitigen Wertsch\u00f6pfung in die Praxis umgesetzt. Die Grundlage bietet das empirisch bew\u00e4hrte und wissenschaftlich fundierte \u201e7K-Modell\u201c aus der Customer Value Forschung der Universit\u00e4t St. Gallen, das nunmehr im Hinblick auf Kundenwert (Customer Equity) erweitert wurde. Dieses innovative Wert-Modell erm\u00f6glicht die ganzheitliche Betrachtung einer partnerschaftlichen Beziehung zwischen Kunde und Unternehmen.<\/p>\n<p>&nbsp;<\/p>\n<div class=\"woo-sc-quote boxed\"><p>[customer orientation] is concerned with the process of dual value creation, whereas the paradigm lies on creating value for the customer and, in the process, creating value for the firm.<br \/>&nbsp;<br \/>W. Boulding et al., 2005, Journal of Marketing<\/p><\/div>\n<p>Wir stellen Ihnen ein in der Anwendung einfaches und in der Auswertung standardisiertes Verfahren bereit, mit dem Sie im L\u00e4ndervergleich St\u00e4rken und Schw\u00e4chen Ihrer strategischen Ausrichtung aufdecken und zugleich einheitliche Kriterien schaffen k\u00f6nnen. Eine m\u00f6gliche Auszeichnung im Rahmen der European Service Value Awards spiegelt Ihr Know-How wider und verdeutlicht Ihre passgenaue Ausrichtung zum Kunden hin. <\/p>\n<div class=\"nextpage\"><a href=\"http:\/\/www.service-awards.eu\/de\/wettbewerb\/7k-modell\/\" title=\"7K-Modell\">weiter<\/a><\/div>\n","protected":false},"excerpt":{"rendered":"<p>Ihr europ\u00e4ischer L\u00e4ndervergleich:Passgenauigkeit in der Kundenorientierung \u00dcberregionale und international ausgerichtete Unternehmen stehen heute verst\u00e4rkt unter Druck, \u00fcberall und in gleichem Ma\u00dfe sichtbaren Mehrwert f\u00fcr ihre Kunden &#8211; mehr Customer Value &#8211; zu schaffen und zugleich einheitliche Ma\u00dfst\u00e4be zu setzen. Wesentliche Voraussetzung daf\u00fcr ist zum einen die Kenntnis kulturell unterschiedlicher Kundenbed\u00fcrfnisse und -erwartungen, zum anderen die [&hellip;]<\/p>\n","protected":false},"author":1,"featured_media":0,"parent":0,"menu_order":10,"comment_status":"closed","ping_status":"open","template":"template-wettbewerb.php","meta":{"footnotes":""},"class_list":["post-2","page","type-page","status-publish","hentry"],"_links":{"self":[{"href":"http:\/\/www.service-awards.eu\/de\/wp-json\/wp\/v2\/pages\/2","targetHints":{"allow":["GET"]}}],"collection":[{"href":"http:\/\/www.service-awards.eu\/de\/wp-json\/wp\/v2\/pages"}],"about":[{"href":"http:\/\/www.service-awards.eu\/de\/wp-json\/wp\/v2\/types\/page"}],"author":[{"embeddable":true,"href":"http:\/\/www.service-awards.eu\/de\/wp-json\/wp\/v2\/users\/1"}],"replies":[{"embeddable":true,"href":"http:\/\/www.service-awards.eu\/de\/wp-json\/wp\/v2\/comments?post=2"}],"version-history":[{"count":49,"href":"http:\/\/www.service-awards.eu\/de\/wp-json\/wp\/v2\/pages\/2\/revisions"}],"predecessor-version":[{"id":588,"href":"http:\/\/www.service-awards.eu\/de\/wp-json\/wp\/v2\/pages\/2\/revisions\/588"}],"wp:attachment":[{"href":"http:\/\/www.service-awards.eu\/de\/wp-json\/wp\/v2\/media?parent=2"}],"curies":[{"name":"wp","href":"https:\/\/api.w.org\/{rel}","templated":true}]}}