{"id":269,"date":"2012-05-31T17:51:32","date_gmt":"2012-05-31T15:51:32","guid":{"rendered":"http:\/\/www.service-awards.eu\/de\/?page_id=269"},"modified":"2021-02-23T13:24:30","modified_gmt":"2021-02-23T12:24:30","slug":"teilnahmeinformationen","status":"publish","type":"page","link":"http:\/\/www.service-awards.eu\/de\/teilnahme\/teilnahmeinformationen\/","title":{"rendered":"Teilnahmeinformationen"},"content":{"rendered":"<h2 class=\"first\">Teilnehmer<\/h2>\n<p>Die Anwendung des Verfahrens bzw. die Durchf\u00fchrung der Messung ist bei allen Unternehmen mit Kundenkontakt (B2C und B2B) und internationaler Ausrichtung (Niederlassungen in mehreren L\u00e4ndern) m\u00f6glich und zielf\u00fchrend.<\/p>\n<h2>Durchf\u00fchrung<\/h2>\n<p>(Teilnahmegeb\u00fchr 5.800 Euro netto je Land)<\/p>\n<ol>\n<li>Anmeldung zur Teilnahme (jederzeit m\u00f6glich)<\/li>\n<li>Abstimmung des zeitlichen Ablaufs<\/li>\n<li>Versand der Managementfragebogen<\/li>\n<li>Bearbeitung der Managementfragebogens (ggf. l\u00e4nderspezifisch)<\/li>\n<li>R\u00fccksendung und Auswertung der Managementfragebogen<\/li>\n<li>Bereitstellung der Befragung-Links f\u00fcr die Kundenbefragungen (in Landessprache)<\/li>\n<li>L\u00e4nderspezifische Durchf\u00fchrung der Kundenbefragungen (online)<\/li>\n<li>Gesamtauswertung der Kundenbefragungen mit Zuspielung der Managementergebnisse<\/li>\n<li>Ergbnis und Zusendung der l\u00e4nderspezifischen und -\u00fcbergreifenden Scorecards<\/li>\n<li>Option auf l\u00e4nderspezifische Auszeichnungen (Lizenzgeb\u00fchr 6.500 Euro netto je G\u00fctesiegel)<\/li>\n<\/ol>\n<div class=\"nextpage\"><a href=\"http:\/\/www.service-awards.eu\/de\/teilnahme\/anmeldung\/\" title=\"Anmeldung\">weiter<\/a><\/div>\n","protected":false},"excerpt":{"rendered":"<p>Teilnehmer Die Anwendung des Verfahrens bzw. die Durchf\u00fchrung der Messung ist bei allen Unternehmen mit Kundenkontakt (B2C und B2B) und internationaler Ausrichtung (Niederlassungen in mehreren L\u00e4ndern) m\u00f6glich und zielf\u00fchrend. Durchf\u00fchrung (Teilnahmegeb\u00fchr 5.800 Euro netto je Land) Anmeldung zur Teilnahme (jederzeit m\u00f6glich) Abstimmung des zeitlichen Ablaufs Versand der Managementfragebogen Bearbeitung der Managementfragebogens (ggf. l\u00e4nderspezifisch) R\u00fccksendung und [&hellip;]<\/p>\n","protected":false},"author":1,"featured_media":0,"parent":33,"menu_order":20,"comment_status":"closed","ping_status":"open","template":"template-teilnahme.php","meta":{"footnotes":""},"class_list":["post-269","page","type-page","status-publish","hentry"],"_links":{"self":[{"href":"http:\/\/www.service-awards.eu\/de\/wp-json\/wp\/v2\/pages\/269","targetHints":{"allow":["GET"]}}],"collection":[{"href":"http:\/\/www.service-awards.eu\/de\/wp-json\/wp\/v2\/pages"}],"about":[{"href":"http:\/\/www.service-awards.eu\/de\/wp-json\/wp\/v2\/types\/page"}],"author":[{"embeddable":true,"href":"http:\/\/www.service-awards.eu\/de\/wp-json\/wp\/v2\/users\/1"}],"replies":[{"embeddable":true,"href":"http:\/\/www.service-awards.eu\/de\/wp-json\/wp\/v2\/comments?post=269"}],"version-history":[{"count":28,"href":"http:\/\/www.service-awards.eu\/de\/wp-json\/wp\/v2\/pages\/269\/revisions"}],"predecessor-version":[{"id":629,"href":"http:\/\/www.service-awards.eu\/de\/wp-json\/wp\/v2\/pages\/269\/revisions\/629"}],"up":[{"embeddable":true,"href":"http:\/\/www.service-awards.eu\/de\/wp-json\/wp\/v2\/pages\/33"}],"wp:attachment":[{"href":"http:\/\/www.service-awards.eu\/de\/wp-json\/wp\/v2\/media?parent=269"}],"curies":[{"name":"wp","href":"https:\/\/api.w.org\/{rel}","templated":true}]}}