{"id":271,"date":"2012-05-31T17:51:43","date_gmt":"2012-05-31T15:51:43","guid":{"rendered":"http:\/\/www.service-awards.eu\/de\/?page_id=271"},"modified":"2015-04-29T13:49:28","modified_gmt":"2015-04-29T11:49:28","slug":"nutzen","status":"publish","type":"page","link":"http:\/\/www.service-awards.eu\/de\/wettbewerb\/nutzen\/","title":{"rendered":"Nutzen"},"content":{"rendered":"<h2 class=\"first\">Ihr Nutzen<\/h2>\n<p>Profitieren Sie von dem innovativen Wert-Modell zur besten Strategie in der Kundenorientierung und setzen Sie ein kosteneffizientes Verfahren unter Einbezug aktueller wissenschaftlicher Forschungsergebnisse ein. Dadurch erhalten Sie die M\u00f6glichkeit, eine standardisierte Messung \u00fcber Ihre europ\u00e4ischen L\u00e4nder bzw. Niederlassungen durchzuf\u00fchren. Dies generiert einheitliche Kennzahlen und unterst\u00fctzt Ihr Management, Ma\u00dfnahmen und Aktivit\u00e4ten passgenau auszusteuern. Die Option einer attraktiven Auszeichnung &#8222;Bestes Unternehmen&#8220; mit L\u00e4nder- und Jahreszahlnennung ist nicht vom Wettbewerbsumfeld abh\u00e4ngig. Die normierte Referenzgr\u00f6\u00dfe des Wert-Modells als Entscheidungskriterium ist europaweit einheitlich. <\/p>\n<div class=\"highlight-list li-check\">Das Beste aus zwei Welten \u2013 Wissenschaft und Praxis<\/div>\n<div class=\"highlight-list li-check\">Erkenntnisse aus der aktuellen Customer Value Forschung<\/div>\n<div class=\"highlight-list li-check\">Analyse der strategischen Kundenorientierung<\/div>\n<div class=\"highlight-list li-check\">Standardisierte Messung mit konkreten Kennzahlen<\/div>\n<div class=\"highlight-list li-check\">Impulse f\u00fcr das operative Kundenmanagement<\/div>\n<div class=\"highlight-list li-check\">Ergebnisse in \u00fcbersichtlicher Scorecard<\/div>\n<div class=\"highlight-list li-check\">Europ\u00e4ischer L\u00e4ndervergleich mit Benchmarks<\/div>\n<div class=\"highlight-list li-check\">Option auf die attraktive Auszeichnung: \u201eBeste Unternehmen\u201c<\/div>\n<div class=\"nextpage\"><a href=\"http:\/\/www.service-awards.eu\/de\/teilnahme\/\" title=\"Leistungen\">weiter<\/a><\/div>\n","protected":false},"excerpt":{"rendered":"<p>Ihr Nutzen Profitieren Sie von dem innovativen Wert-Modell zur besten Strategie in der Kundenorientierung und setzen Sie ein kosteneffizientes Verfahren unter Einbezug aktueller wissenschaftlicher Forschungsergebnisse ein. Dadurch erhalten Sie die M\u00f6glichkeit, eine standardisierte Messung \u00fcber Ihre europ\u00e4ischen L\u00e4nder bzw. Niederlassungen durchzuf\u00fchren. Dies generiert einheitliche Kennzahlen und unterst\u00fctzt Ihr Management, Ma\u00dfnahmen und Aktivit\u00e4ten passgenau auszusteuern. Die [&hellip;]<\/p>\n","protected":false},"author":1,"featured_media":0,"parent":2,"menu_order":40,"comment_status":"closed","ping_status":"open","template":"template-wettbewerb.php","meta":{"footnotes":""},"class_list":["post-271","page","type-page","status-publish","hentry"],"_links":{"self":[{"href":"http:\/\/www.service-awards.eu\/de\/wp-json\/wp\/v2\/pages\/271","targetHints":{"allow":["GET"]}}],"collection":[{"href":"http:\/\/www.service-awards.eu\/de\/wp-json\/wp\/v2\/pages"}],"about":[{"href":"http:\/\/www.service-awards.eu\/de\/wp-json\/wp\/v2\/types\/page"}],"author":[{"embeddable":true,"href":"http:\/\/www.service-awards.eu\/de\/wp-json\/wp\/v2\/users\/1"}],"replies":[{"embeddable":true,"href":"http:\/\/www.service-awards.eu\/de\/wp-json\/wp\/v2\/comments?post=271"}],"version-history":[{"count":24,"href":"http:\/\/www.service-awards.eu\/de\/wp-json\/wp\/v2\/pages\/271\/revisions"}],"predecessor-version":[{"id":592,"href":"http:\/\/www.service-awards.eu\/de\/wp-json\/wp\/v2\/pages\/271\/revisions\/592"}],"up":[{"embeddable":true,"href":"http:\/\/www.service-awards.eu\/de\/wp-json\/wp\/v2\/pages\/2"}],"wp:attachment":[{"href":"http:\/\/www.service-awards.eu\/de\/wp-json\/wp\/v2\/media?parent=271"}],"curies":[{"name":"wp","href":"https:\/\/api.w.org\/{rel}","templated":true}]}}