{"id":33,"date":"2011-08-07T17:03:29","date_gmt":"2011-08-07T15:03:29","guid":{"rendered":"http:\/\/www.service-awards.eu\/de\/?page_id=33"},"modified":"2016-07-26T16:19:33","modified_gmt":"2016-07-26T14:19:33","slug":"teilnahme","status":"publish","type":"page","link":"http:\/\/www.service-awards.eu\/de\/teilnahme\/","title":{"rendered":"Leistungen"},"content":{"rendered":"<h2 class=\"first\">Leistungen im \u00dcberblick<\/h2>\n<div class=\"highlight-list li-check\">Konkrete Analyse Ihrer strategischen Kundenorientierung mit wissenschaftlicher Fundierung<\/div>\n<div class=\"highlight-list li-check\">Standardisierte Messung von Selbst- und Fremdbild \u00fcber Management- und Kundenbefragung<\/div>\n<div class=\"highlight-list li-check\">Ergebnisvergleich \u00fcber alle untersuchten europ\u00e4ischen L\u00e4nder bzw. Niederlassungen <\/div>\n<div class=\"highlight-list li-check\">Qualit\u00e4tsnachweis im Erfolgsfall (G\u00fctesiegel)<\/div>\n<p>.<\/strong><\/p>\n<h5>Hier k\u00f6nnen Sie die Infobrosch\u00fcre herunterladen<\/p>\n<h5>\n<div class=\"download\"><a href=\"https:\/\/www.mynewsdesk.com\/material\/document\/45463\/download?resource_type=resource_document\"target=\"_blank\">Infobrosch\u00fcre<\/a><\/div>\n<p>&nbsp;<\/p>\n<h2 class=\"first\">Top-Management Seminar (optional)<\/h2>\n<p>Profitieren Sie dar\u00fcber hinaus von einem Strategie-Dialog auf Basis des Wert-Modells und diskutieren Sie Ihre Individualanalysen im Rahmen eines auf Sie zugeschnittenen Top-Management Seminars in St.Gallen, Schweiz. Teilnehmerkreis und zu vertiefende Themen werden gemeinsam abgestimmt. Tauschen Sie sich fachlich mit den erfahrenen Experten Herrn Prof. Dr. Maas und Herrn Dr. Dethloff aus. <\/p>\n<div class=\"nextpage\"><a href=\"http:\/\/www.service-awards.eu\/de\/teilnahme\/teilnahmeinformationen\/\" title=\"Teilnahmeinformationen\">weiter<\/a><\/div>\n","protected":false},"excerpt":{"rendered":"<p>Leistungen im \u00dcberblick Konkrete Analyse Ihrer strategischen Kundenorientierung mit wissenschaftlicher Fundierung Standardisierte Messung von Selbst- und Fremdbild \u00fcber Management- und Kundenbefragung Ergebnisvergleich \u00fcber alle untersuchten europ\u00e4ischen L\u00e4nder bzw. Niederlassungen Qualit\u00e4tsnachweis im Erfolgsfall (G\u00fctesiegel) . Hier k\u00f6nnen Sie die Infobrosch\u00fcre herunterladen Infobrosch\u00fcre &nbsp; Top-Management Seminar (optional) Profitieren Sie dar\u00fcber hinaus von einem Strategie-Dialog auf Basis des [&hellip;]<\/p>\n","protected":false},"author":1,"featured_media":0,"parent":0,"menu_order":10,"comment_status":"closed","ping_status":"open","template":"template-teilnahme.php","meta":{"footnotes":""},"class_list":["post-33","page","type-page","status-publish","hentry"],"_links":{"self":[{"href":"http:\/\/www.service-awards.eu\/de\/wp-json\/wp\/v2\/pages\/33","targetHints":{"allow":["GET"]}}],"collection":[{"href":"http:\/\/www.service-awards.eu\/de\/wp-json\/wp\/v2\/pages"}],"about":[{"href":"http:\/\/www.service-awards.eu\/de\/wp-json\/wp\/v2\/types\/page"}],"author":[{"embeddable":true,"href":"http:\/\/www.service-awards.eu\/de\/wp-json\/wp\/v2\/users\/1"}],"replies":[{"embeddable":true,"href":"http:\/\/www.service-awards.eu\/de\/wp-json\/wp\/v2\/comments?post=33"}],"version-history":[{"count":68,"href":"http:\/\/www.service-awards.eu\/de\/wp-json\/wp\/v2\/pages\/33\/revisions"}],"predecessor-version":[{"id":630,"href":"http:\/\/www.service-awards.eu\/de\/wp-json\/wp\/v2\/pages\/33\/revisions\/630"}],"wp:attachment":[{"href":"http:\/\/www.service-awards.eu\/de\/wp-json\/wp\/v2\/media?parent=33"}],"curies":[{"name":"wp","href":"https:\/\/api.w.org\/{rel}","templated":true}]}}