{"id":545,"date":"2014-02-04T11:28:30","date_gmt":"2014-02-04T10:28:30","guid":{"rendered":"http:\/\/www.service-awards.eu\/de\/?page_id=545"},"modified":"2021-02-23T15:10:01","modified_gmt":"2021-02-23T14:10:01","slug":"auszeichnung","status":"publish","type":"page","link":"http:\/\/www.service-awards.eu\/de\/auszeichnung\/","title":{"rendered":"Ausgezeichnete Unternehmen"},"content":{"rendered":"<p><a href=\"http:\/\/www.service-awards.eu\/de\/files\/2014\/02\/Tabelle_2021.jpg\"><img loading=\"lazy\" decoding=\"async\" class=\"alignnone size-full wp-image-633\" src=\"http:\/\/www.service-awards.eu\/de\/files\/2014\/02\/Tabelle_2021.jpg\" alt=\"\" width=\"657\" height=\"720\" srcset=\"http:\/\/www.service-awards.eu\/de\/files\/2014\/02\/Tabelle_2021.jpg 657w, http:\/\/www.service-awards.eu\/de\/files\/2014\/02\/Tabelle_2021-274x300.jpg 274w\" sizes=\"auto, (max-width: 657px) 100vw, 657px\" \/><\/a><\/p>\n<p>ESVA-Result: Das Ergebnis der Analyse kann zwischen den Werten 0 und 100 liegen. Ausgezeichnet werden die Unternehmen mit einer Punktzahl gr\u00f6\u00dfer \/ gleich der europ\u00e4ischen Referenzgr\u00f6\u00dfe von 70 Punkten.<\/p>\n","protected":false},"excerpt":{"rendered":"<p>ESVA-Result: Das Ergebnis der Analyse kann zwischen den Werten 0 und 100 liegen. Ausgezeichnet werden die Unternehmen mit einer Punktzahl gr\u00f6\u00dfer \/ gleich der europ\u00e4ischen Referenzgr\u00f6\u00dfe von 70 Punkten.<\/p>\n","protected":false},"author":1,"featured_media":0,"parent":0,"menu_order":25,"comment_status":"closed","ping_status":"open","template":"","meta":{"footnotes":""},"class_list":["post-545","page","type-page","status-publish","hentry"],"_links":{"self":[{"href":"http:\/\/www.service-awards.eu\/de\/wp-json\/wp\/v2\/pages\/545","targetHints":{"allow":["GET"]}}],"collection":[{"href":"http:\/\/www.service-awards.eu\/de\/wp-json\/wp\/v2\/pages"}],"about":[{"href":"http:\/\/www.service-awards.eu\/de\/wp-json\/wp\/v2\/types\/page"}],"author":[{"embeddable":true,"href":"http:\/\/www.service-awards.eu\/de\/wp-json\/wp\/v2\/users\/1"}],"replies":[{"embeddable":true,"href":"http:\/\/www.service-awards.eu\/de\/wp-json\/wp\/v2\/comments?post=545"}],"version-history":[{"count":6,"href":"http:\/\/www.service-awards.eu\/de\/wp-json\/wp\/v2\/pages\/545\/revisions"}],"predecessor-version":[{"id":634,"href":"http:\/\/www.service-awards.eu\/de\/wp-json\/wp\/v2\/pages\/545\/revisions\/634"}],"wp:attachment":[{"href":"http:\/\/www.service-awards.eu\/de\/wp-json\/wp\/v2\/media?parent=545"}],"curies":[{"name":"wp","href":"https:\/\/api.w.org\/{rel}","templated":true}]}}